{"id":2776,"date":"2025-11-05T11:18:50","date_gmt":"2025-11-05T11:18:50","guid":{"rendered":"https:\/\/apo-am-ukb.eniky-d03.de\/?page_id=2776"},"modified":"2026-01-16T13:42:58","modified_gmt":"2026-01-16T12:42:58","slug":"impressum","status":"publish","type":"page","link":"https:\/\/apotheke-am-ukb.de\/index.php\/impressum\/","title":{"rendered":"Impressum"},"content":{"rendered":"\n\n\t<style>\n@keyframes blink {\n  0%, 50% { opacity: 1; }\n  51%, 100% { opacity: 0; }\n}\n<\/style>\nApotheke am UKB || Warener Str. 1 || 12683 Berlin-Marzahn || fon <a href=\"tel:+493055159870\">030 \u00b7 55 15 98 70<\/a> || E-Mail: <a href=\"mailto:info@apotheke-am-ukb.de\">info@apotheke-am-ukb.de<\/a> || \u25cf Jetzt ge\u00f6ffnet: 08:00 \u2013 18:30\n<h1>\n\t\t\tIhre Apotheke am ukb:\t<\/h1>\n\t<p>Freundlich, pers\u00f6nlich, verl\u00e4sslich &#8211; f\u00fcr Ihr Wohlbefinden<\/p>\n\t\t\t<a href=\"https:\/\/apotheke-am-ukb.de\/\" target=\"_self\">\n\t\t\t\t\t\tZur\u00fcck zur Startseite\n\t\t\t\t\t<\/a>\n<h2>\n\t\t\tImpressum\t<\/h2>\n\t<strong>Apotheke am ukb<\/strong><br \/>\nAndrea Fittkau e.K.\nWarener Stra\u00dfe 1<br \/>\n12683 Berlin\nTelefon\u00a0 \u00a0(030) 55 15 98 70<br \/>\nFax\u00a0\u00a0\u00a0\u00a0\u00a0\u00a0\u00a0 \u00a0(030) 55 15 98 71<br \/>\nE-Mail\u00a0\u00a0\u00a0\u00a0info@apotheke-am-ukb.de\n<strong>Inhaberin:<br \/>\n<\/strong>Andrea Fittkau\n<strong>Handelsregister Berlin<\/strong><br \/>\nHRA 50020 B<br \/>\nAmtsgericht Berlin Charlottenburg\n<strong>Umsatzsteuer-Identifikationsnummer<\/strong><br \/>\nDE295775599\n<strong>Aufsichtsbeh\u00f6rde<br \/>\n<\/strong>\nLandesamt f\u00fcr Gesundheit und Soziales Berlin, Abteilung Gesundheit<br \/>\nReferat IB Apothekenwesen<br \/>\nPostfach 31 09 29<br \/>\n10639 Berlin\nTel. 030. 90229-2330<br \/>\nFax: 030. 90229-2097\n<p><a href=\"https:\/\/www.berlin.de\/lageso\/gesundheit\/pharmaziewesen-und-medizinprodukte\/apothekenwesen\/\">https:\/\/www.berlin.de\/lageso\/gesundheit\/pharmaziewesen-und-medizinprodukte\/apothekenwesen\/<\/a><\/p>\n<p>&nbsp;<\/p>\n<strong>Zust\u00e4ndige Apothekerkammer<br \/>\n<\/strong>Apothekerkammer Berlin, Littenstrasse 10, 10179 Berlin\n<strong>Berufsordnung<br \/>\n<\/strong>Berufsordnung der Apothekerkammer Berlin\n<strong>Berufsbezeichnung<br \/>\n<\/strong>Apotheker\n<strong>Staat, in dem die Titel erworben wurden<br \/>\n<\/strong>Bundesrepublik Deutschland\n<p>&nbsp;<\/p>\n<strong>Datenschutzbeauftragte der\u00a0<\/strong><strong>Apotheke am ukb<br \/>\n<\/strong>Frau Christine Marsitzky<br \/>\nAllee der Kosmonauten 47<br \/>\n12681 Berlin<br \/>\nDeutschland\nTel.: 030. 54 23 15 7<br \/>\nE-Mail:\u00a0<a href=\"mailto:datenschutzbeauftragter@apotheke-am-ukb.de\">datenschutzbeauftragter@apotheke-am-ukb.de<\/a>\n<p>&nbsp;<\/p>\n<p><strong>Informationspflicht nach \u00a7 36 VSBG<\/strong><\/p>\n<p>Die Apotheke am ukb beteiligt sich nicht an Verbraucherschlichtungsverfahren nach dem Verbraucherstreitbeilegungsgesetz (VSBG).<\/p>\n<p><strong>\u00a0<\/strong><\/p>\n<p>&nbsp;<\/p>\n<p><strong>Informationen nach Entstehen der Streitigkeit \u00a7 37 VSBG<\/strong><\/p>\n<p>Die f\u00fcr die Apotheke am ukb zust\u00e4ndige Verbraucherschlichtungsstelle ist die Allgemeine Verbraucherschlichtungsstelle des Zentrums f\u00fcr Schlichtung e. V., Stra\u00dfburger Stra\u00dfe 8, 77694 Kehl am Rhein, Telefon 07851. 795 795 79 40, Fax 07851. 795 79 41, E-Mail: mail@verbraucher-schlichter.de, Webseite: www.verbraucher-schlichter.de.<\/p>\n<p>Die Apotheke am ukb beteiligt sich allerdings nicht an Verbraucherschlichtungsverfahren vor der zuvor genannten Verbraucherschlichtungsstelle nach dem Verbraucherstreitbeilegungsgesetz.<\/p>\n<p>Verantwortlich f\u00fcr die Inhalte der Seiten der Apotheke am ukb sind Frau Andrea Fittkau und Frau Manuela Spann. Umsatzsteuer-ID DE 295775599, eingetragen im Amtsgericht Berlin Charlottenburg, HRA. 50020 B1.<\/p>\n<p>Apotheken sind gesetzlich verpflichtet, eine Berufshaftpflicht abzuschlie\u00dfen, die zu den Unterlagen geh\u00f6rt, die in den Apothekenr\u00e4umen eingesehen werden k\u00f6nnen.<\/p>\n<p>Alle Inhalte und Links wurden von uns mit gr\u00f6\u00dfter Sorgfalt erstellt. Trotzdem k\u00f6nnen wir keine Gew\u00e4hr f\u00fcr die Fehlerfreiheit und Aktualit\u00e4t der enthaltenen Informationen und Links \u00fcbernehmen. Wir sind nicht f\u00fcr Inhalte und die Richtigkeit\u00a0von Seiten, die durch eine Verkn\u00fcpfung (Link) erreicht werden k\u00f6nnen, verantwortlich und schlie\u00dfen eine Haftung f\u00fcr diese Inhalte aus. Das Aufrufen dieser Seiten sowie deren Benutzung erfolgt auf eigene Verantwortung des Nutzers. Jegliche Haftung f\u00fcr Sch\u00e4den, die direkt oder indirekt aus der Benutzung unserer Homepage oder einer verlinkten Seite entstehen, wird daher ausgeschlossen.<\/p>\n<p><strong>Konzept, Webdesign und Programmierun<\/strong>g<\/p>\ndesignenergie Werbeagentur<br \/>\nHauptstr. 60a | 32694 D\u00f6rentrup<br \/>\nfon 05265 9556002 | mobil 0151 22630350<br \/>\n<a href=\"https:\/\/www.designenergie-werbeagentur.de\/\">www.designenergie-werbeagentur.de<\/a>\n<p>&nbsp;<\/p>\n\t\t\t<a href=\"https:\/\/apotheke-am-ukb.de\/\" target=\"_self\">\n\t\t\t\t\t\tZur\u00fcck zur Startseite\n\t\t\t\t\t<\/a>\n\n","protected":false},"excerpt":{"rendered":"<p>Apotheke am UKB || Warener Str. 1 || 12683 Berlin-Marzahn || fon 030 \u00b7 55 15 98 70 || E-Mail: info@apotheke-am-ukb.de || Ihre Apotheke am ukb: Freundlich, pers\u00f6nlich, verl\u00e4sslich &#8211; f\u00fcr Ihr Wohlbefinden Zur\u00fcck zur Startseite Impressum Apotheke am ukb Andrea Fittkau e.K. Warener Stra\u00dfe 1 12683 Berlin Telefon\u00a0 \u00a0(030) 55 15 98 70 Fax\u00a0\u00a0\u00a0\u00a0\u00a0\u00a0\u00a0&hellip;<\/p>\n","protected":false},"author":2,"featured_media":0,"parent":0,"menu_order":0,"comment_status":"closed","ping_status":"closed","template":"","meta":{"footnotes":""},"class_list":["post-2776","page","type-page","status-publish","hentry"],"yoast_head":"<!-- This site is optimized with the Yoast SEO plugin v26.4 - https:\/\/yoast.com\/wordpress\/plugins\/seo\/ -->\n<title>Impressum - Apotheke am UKB, Berlin<\/title>\n<meta name=\"robots\" content=\"index, follow, max-snippet:-1, max-image-preview:large, max-video-preview:-1\" \/>\n<link rel=\"canonical\" href=\"https:\/\/apotheke-am-ukb.de\/index.php\/impressum\/\" \/>\n<meta property=\"og:locale\" content=\"de_DE\" \/>\n<meta property=\"og:type\" content=\"article\" \/>\n<meta property=\"og:title\" content=\"Impressum - Apotheke am UKB, Berlin\" \/>\n<meta property=\"og:description\" content=\"Apotheke am UKB || Warener Str. 1 || 12683 Berlin-Marzahn || fon 030 \u00b7 55 15 98 70 || E-Mail: info@apotheke-am-ukb.de || Ihre Apotheke am ukb: Freundlich, pers\u00f6nlich, verl\u00e4sslich &#8211; f\u00fcr Ihr Wohlbefinden Zur\u00fcck zur Startseite Impressum Apotheke am ukb Andrea Fittkau e.K. Warener Stra\u00dfe 1 12683 Berlin Telefon\u00a0 \u00a0(030) 55 15 98 70 Fax\u00a0\u00a0\u00a0\u00a0\u00a0\u00a0\u00a0&hellip;\" \/>\n<meta property=\"og:url\" content=\"https:\/\/apotheke-am-ukb.de\/index.php\/impressum\/\" \/>\n<meta property=\"og:site_name\" content=\"Apotheke am UKB, Berlin\" \/>\n<meta property=\"article:modified_time\" content=\"2026-01-16T12:42:58+00:00\" \/>\n<meta name=\"twitter:card\" content=\"summary_large_image\" \/>\n<meta name=\"twitter:label1\" content=\"Gesch\u00e4tzte Lesezeit\" \/>\n\t<meta name=\"twitter:data1\" content=\"2\u00a0Minuten\" \/>\n<script type=\"application\/ld+json\" class=\"yoast-schema-graph\">{\"@context\":\"https:\/\/schema.org\",\"@graph\":[{\"@type\":\"WebPage\",\"@id\":\"https:\/\/apotheke-am-ukb.de\/index.php\/impressum\/\",\"url\":\"https:\/\/apotheke-am-ukb.de\/index.php\/impressum\/\",\"name\":\"Impressum - Apotheke am UKB, Berlin\",\"isPartOf\":{\"@id\":\"https:\/\/apotheke-am-ukb.de\/#website\"},\"datePublished\":\"2025-11-05T11:18:50+00:00\",\"dateModified\":\"2026-01-16T12:42:58+00:00\",\"breadcrumb\":{\"@id\":\"https:\/\/apotheke-am-ukb.de\/index.php\/impressum\/#breadcrumb\"},\"inLanguage\":\"de\",\"potentialAction\":[{\"@type\":\"ReadAction\",\"target\":[\"https:\/\/apotheke-am-ukb.de\/index.php\/impressum\/\"]}]},{\"@type\":\"BreadcrumbList\",\"@id\":\"https:\/\/apotheke-am-ukb.de\/index.php\/impressum\/#breadcrumb\",\"itemListElement\":[{\"@type\":\"ListItem\",\"position\":1,\"name\":\"Startseite\",\"item\":\"https:\/\/apotheke-am-ukb.de\/\"},{\"@type\":\"ListItem\",\"position\":2,\"name\":\"Impressum\"}]},{\"@type\":\"WebSite\",\"@id\":\"https:\/\/apotheke-am-ukb.de\/#website\",\"url\":\"https:\/\/apotheke-am-ukb.de\/\",\"name\":\"Apotheke am UKB, Berlin\",\"description\":\"\",\"potentialAction\":[{\"@type\":\"SearchAction\",\"target\":{\"@type\":\"EntryPoint\",\"urlTemplate\":\"https:\/\/apotheke-am-ukb.de\/?s={search_term_string}\"},\"query-input\":{\"@type\":\"PropertyValueSpecification\",\"valueRequired\":true,\"valueName\":\"search_term_string\"}}],\"inLanguage\":\"de\"}]}<\/script>\n<!-- \/ Yoast SEO plugin. -->","yoast_head_json":{"title":"Impressum - Apotheke am UKB, Berlin","robots":{"index":"index","follow":"follow","max-snippet":"max-snippet:-1","max-image-preview":"max-image-preview:large","max-video-preview":"max-video-preview:-1"},"canonical":"https:\/\/apotheke-am-ukb.de\/index.php\/impressum\/","og_locale":"de_DE","og_type":"article","og_title":"Impressum - Apotheke am UKB, Berlin","og_description":"Apotheke am UKB || Warener Str. 1 || 12683 Berlin-Marzahn || fon 030 \u00b7 55 15 98 70 || E-Mail: info@apotheke-am-ukb.de || Ihre Apotheke am ukb: Freundlich, pers\u00f6nlich, verl\u00e4sslich &#8211; f\u00fcr Ihr Wohlbefinden Zur\u00fcck zur Startseite Impressum Apotheke am ukb Andrea Fittkau e.K. Warener Stra\u00dfe 1 12683 Berlin Telefon\u00a0 \u00a0(030) 55 15 98 70 Fax\u00a0\u00a0\u00a0\u00a0\u00a0\u00a0\u00a0&hellip;","og_url":"https:\/\/apotheke-am-ukb.de\/index.php\/impressum\/","og_site_name":"Apotheke am UKB, Berlin","article_modified_time":"2026-01-16T12:42:58+00:00","twitter_card":"summary_large_image","twitter_misc":{"Gesch\u00e4tzte Lesezeit":"2\u00a0Minuten"},"schema":{"@context":"https:\/\/schema.org","@graph":[{"@type":"WebPage","@id":"https:\/\/apotheke-am-ukb.de\/index.php\/impressum\/","url":"https:\/\/apotheke-am-ukb.de\/index.php\/impressum\/","name":"Impressum - Apotheke am UKB, Berlin","isPartOf":{"@id":"https:\/\/apotheke-am-ukb.de\/#website"},"datePublished":"2025-11-05T11:18:50+00:00","dateModified":"2026-01-16T12:42:58+00:00","breadcrumb":{"@id":"https:\/\/apotheke-am-ukb.de\/index.php\/impressum\/#breadcrumb"},"inLanguage":"de","potentialAction":[{"@type":"ReadAction","target":["https:\/\/apotheke-am-ukb.de\/index.php\/impressum\/"]}]},{"@type":"BreadcrumbList","@id":"https:\/\/apotheke-am-ukb.de\/index.php\/impressum\/#breadcrumb","itemListElement":[{"@type":"ListItem","position":1,"name":"Startseite","item":"https:\/\/apotheke-am-ukb.de\/"},{"@type":"ListItem","position":2,"name":"Impressum"}]},{"@type":"WebSite","@id":"https:\/\/apotheke-am-ukb.de\/#website","url":"https:\/\/apotheke-am-ukb.de\/","name":"Apotheke am UKB, Berlin","description":"","potentialAction":[{"@type":"SearchAction","target":{"@type":"EntryPoint","urlTemplate":"https:\/\/apotheke-am-ukb.de\/?s={search_term_string}"},"query-input":{"@type":"PropertyValueSpecification","valueRequired":true,"valueName":"search_term_string"}}],"inLanguage":"de"}]}},"_links":{"self":[{"href":"https:\/\/apotheke-am-ukb.de\/index.php\/wp-json\/wp\/v2\/pages\/2776","targetHints":{"allow":["GET"]}}],"collection":[{"href":"https:\/\/apotheke-am-ukb.de\/index.php\/wp-json\/wp\/v2\/pages"}],"about":[{"href":"https:\/\/apotheke-am-ukb.de\/index.php\/wp-json\/wp\/v2\/types\/page"}],"author":[{"embeddable":true,"href":"https:\/\/apotheke-am-ukb.de\/index.php\/wp-json\/wp\/v2\/users\/2"}],"replies":[{"embeddable":true,"href":"https:\/\/apotheke-am-ukb.de\/index.php\/wp-json\/wp\/v2\/comments?post=2776"}],"version-history":[{"count":5,"href":"https:\/\/apotheke-am-ukb.de\/index.php\/wp-json\/wp\/v2\/pages\/2776\/revisions"}],"predecessor-version":[{"id":2869,"href":"https:\/\/apotheke-am-ukb.de\/index.php\/wp-json\/wp\/v2\/pages\/2776\/revisions\/2869"}],"wp:attachment":[{"href":"https:\/\/apotheke-am-ukb.de\/index.php\/wp-json\/wp\/v2\/media?parent=2776"}],"curies":[{"name":"wp","href":"https:\/\/api.w.org\/{rel}","templated":true}]}}