{"id":2786,"date":"2025-11-05T11:24:50","date_gmt":"2025-11-05T11:24:50","guid":{"rendered":"https:\/\/apo-am-ukb.eniky-d03.de\/?page_id=2786"},"modified":"2025-11-05T11:30:38","modified_gmt":"2025-11-05T11:30:38","slug":"barrierefreiheit","status":"publish","type":"page","link":"https:\/\/apotheke-am-ukb.de\/index.php\/barrierefreiheit\/","title":{"rendered":"Barrierefreiheit"},"content":{"rendered":"\n\n\t<style>\n@keyframes blink {\n  0%, 50% { opacity: 1; }\n  51%, 100% { opacity: 0; }\n}\n<\/style>\nApotheke am UKB || Warener Str. 1 || 12683 Berlin-Marzahn || fon <a href=\"tel:+493055159870\">030 \u00b7 55 15 98 70<\/a> || E-Mail: <a href=\"mailto:info@apotheke-am-ukb.de\">info@apotheke-am-ukb.de<\/a> || Im Moment ist die Apotheke geschlossen, aber wir \u00f6ffnen wieder um 08:00\n<h1>\n\t\t\tIhre Apotheke am ukb:\t<\/h1>\n\t<p>Freundlich, pers\u00f6nlich, verl\u00e4sslich &#8211; f\u00fcr Ihr Wohlbefinden<\/p>\n\t\t\t<a href=\"https:\/\/apotheke-am-ukb.de\/\" target=\"_self\">\n\t\t\t\t\t\tZur\u00fcck zur Startseite\n\t\t\t\t\t<\/a>\n<h3>\n\t\t\tErkl\u00e4rung zur Barrierefreiheit f\u00fcr die Apotheke am ukb\t<\/h3>\n\t<p><strong>Voraussetzungen<\/strong><\/p>\n<p>Diese Erkl\u00e4rung zur Barrierefreiheit gilt f\u00fcr die unter https:\/\/apotheke-am-ukb.de\/ ver\u00f6ffentlichte Website der \u201eApotheke am ukb Fittkau Spann Apotheke OHG&#8220;.<\/p>\n<p>Als Unternehmen sind wir bem\u00fcht, unsere Websites und mobilen Anwendungen im Einklang mit den Bestimmungen des Barrierefreiheitsst\u00e4rkungsgesetz (BFSG) sowie der Verordnung zum Barrierefreiheitsst\u00e4rkungsgesetz (BFSGV) zur Umsetzung der die europ\u00e4ische Barrierefreiheitsrichtlinie (Richtlinie (EU) 2019\/882 \u00fcber die Barrierefreiheitsanforderungen f\u00fcr Produkte und Dienstleistungen) barrierefrei zug\u00e4nglich zu machen.<\/p>\n<p><strong>Stand der Vereinbarkeit mit den Anforderungen<\/strong><\/p>\n<p>Die Anforderungen der Barrierefreiheit ergeben sich aus der Verordnung zum Barrierefreiheitsst\u00e4rkungsgesetz (BFSGV).<\/p>\n<p>Die konkreten Anforderungen an die Barrierefreiheit sind dabei gem\u00e4\u00df \u00a714 BFSG i.V.m. \u00a7 3 Abs. 1 BFSG in der Verordnung zum Barrierefreiheitsst\u00e4rkungsgesetz (BFSGV) umgesetzt worden.<\/p>\n<p>Informationen \u00fcber Dienstleistungen, die den Barrierefreiheitsanforderungen entsprechen<\/p>\n<ul>\n<li>Rezeptbestellung<\/li>\n<li>Kontaktformular<\/li>\n<li>ausgeschlossen sind angebundene Dienste auf die wir keinen Einflu\u00df haben (Impftermin-Buchung, Rezeptbestellung \u00fcber Partner-APP\u00a0\u00a0gesund.de, Apothekennotdienst, Gesundheitsinfos, Zuzahlungsrechner)<\/li>\n<\/ul>\n<p><strong>Konformit\u00e4tsstatus<\/strong><\/p>\n<p>Die konkreten technischen Ma\u00dfnahmen orientieren sich an WCAG 2.0 Level A, AA.<\/p>\n<p>Die \u00dcberpr\u00fcfung der Einhaltung der Anforderungen beruht auf einer Selbstbeurteilung (der Inhalt wurde von einem internen Mitarbeiter oder dem Entwickler des Inhalts beurteilt) und wurde am 25.06.2025 vorgenommenen. Die Bewertung erfolgte nach den gesetzlichen Vorgaben und weltweiten Normen (EN 301 549, WCAG 2.0 Level A, AA).<\/p>\n<p>Die Website \u201aApotheke am ukb&#8216; hat gegen\u00fcber dem durch die WCAG 2.0 Level A, AA abgebildeten Konformit\u00e4tslevel den Status: nicht bewertet: Der Inhalt wurde nicht auf Konformit\u00e4t gepr\u00fcft.<\/p>\n<p>Wir stellen Dienstleistungen und Informationen in Anlehnung an \u00a72 des Barrierefreiheitsst\u00e4rkungsgesetzes (BFSG) und an die Verordnung zum Barrierefreiheitsst\u00e4rkungsgesetz (BFSGV) auf unserer Website\/in unserer App zur Verf\u00fcgung. Wir sind bem\u00fcht, unsere Websites und mobilen Anwendungen im Einklang mit den Bestimmungen des Behindertengleichstellungsgesetzes des Bundes (BGG) sowie der Barrierefreiheitsst\u00e4rkungsgesetzes zur Umsetzung des European Accessibility Act (EAA) barrierefrei zug\u00e4nglich zu machen. Wir haben unsere Website\/unser App entsprechend den im weiteren Text beschriebenen Konformit\u00e4tskriterien gepr\u00fcft und im Hinblick auf eine barrierefreie Nutzung optimiert.<\/p>\n<p><strong>Die nachstehend aufgef\u00fchrten Inhalte sind nicht vollst\u00e4ndig barrierefrei:<\/strong><\/p>\n<p>Unsere Website\/App ist mit den Anforderungen weitestgehend vereinbar. Es gibt nur wenige Inhalte, die Menschen mit Behinderung den Informationsabruf beziehungsweise die Zug\u00e4nglichkeit erschweren.<\/p>\n<p>Die nachstehend aufgef\u00fchrten Inhalte sind nicht vollst\u00e4ndig barrierefrei:<\/p>\n<ul>\n<li>Nicht durchg\u00e4ngig haben Bilder und Grafikfunktionen eindeutige Alternativtexte und teilweise fehlen Alternativtexte<\/li>\n<li>Nicht f\u00fcr alle Formularelemente sind die Beschriftungen programmatisch ermittelbar<\/li>\n<li>Teilweise ist die Fokus-Reihenfolge nicht nachvollziehbar und der Tastaturfokus nicht gut sichtbar<\/li>\n<li>Nicht bei allen Bedienelementen entspricht der zug\u00e4ngliche Name dem sichtbaren Namen<\/li>\n<li>Nicht alle PDF-Dokumente sind barrierefrei<\/li>\n<\/ul>\n<p><strong>Technologieabh\u00e4ngigkeit<\/strong><\/p>\n<p>Die Website ist auf folgende Technologien f\u00fcr eine barrierefreie Nutzung angewiesen: HTML, CSS, JavaScript<\/p>\n<p><strong>Feedback und Kontaktangaben<\/strong><\/p>\n<p>Wenn Sie uns ein Feedback \u00fcber die Zug\u00e4nglichkeit von \u201aApotheke am ukb&#8216; geben m\u00f6chten, wenden Sie sich bitte telefonisch, per E-Mail oder \u00fcber eine andere angegebene Methode an unsere Kontaktperson f\u00fcr Barrierefreiheit.<\/p>\nName: Andrea Fittkau<br \/>\nStrasse: Warener Stra\u00dfe 1<br \/>\nPLZ \/ Ort: 12683 Berlin\nTelefon: (030) 55 15 98 70<br \/>\nEmail: info@apotheke-am-ukb.de\n<p><strong>Markt\u00fcberwachungsbeh\u00f6rde<\/strong><\/p>\n<p>Die zust\u00e4ndige Markt\u00fcberwachungsbeh\u00f6rde ist:<\/p>\nMarkt\u00fcberwachungsstelle der L\u00e4nder f\u00fcr die Barrierefreiheit von Produkten und Dienstleistungen (MLBF)<br \/>\nc\/o Ministerium f\u00fcr Arbeit, Soziales, Gesundheit und Gleichstellung des Landes Sachsen-Anhalt<br \/>\nPostfach 39 11 55<br \/>\n39135 Magdeburg<br \/>\nTelefon: +49 391 567 4530<br \/>\nE-Mail: MLBF@ms.sachsen-anhalt.de\n<p><strong>Wir arbeiten best\u00e4ndig an der Verbesserung unserer Website\/App. Leider konnten wir aufgrund der F\u00fclle des Materials noch nicht alle Inhalte und Services digital barrierefrei gestalten. Wir sind bem\u00fcht, alle festgestellten H\u00fcrden f\u00fcr Menschen mit Behinderung bis Ende 2025 zu beseitigen.<\/strong><\/p>\n<p>Diese Erkl\u00e4rung wurde am 25.06.2025 erstellt.<\/p>\n\t\t\t<a href=\"https:\/\/apotheke-am-ukb.de\/\" target=\"_self\">\n\t\t\t\t\t\tZur\u00fcck zur Startseite\n\t\t\t\t\t<\/a>\n\n","protected":false},"excerpt":{"rendered":"<p>Apotheke am UKB || Warener Str. 1 || 12683 Berlin-Marzahn || fon 030 \u00b7 55 15 98 70 || E-Mail: info@apotheke-am-ukb.de || Ihre Apotheke am ukb: Freundlich, pers\u00f6nlich, verl\u00e4sslich &#8211; f\u00fcr Ihr Wohlbefinden Zur\u00fcck zur Startseite Erkl\u00e4rung zur Barrierefreiheit f\u00fcr die Apotheke am ukb Voraussetzungen Diese Erkl\u00e4rung zur Barrierefreiheit gilt f\u00fcr die unter https:\/\/apotheke-am-ukb.de\/ ver\u00f6ffentlichte&hellip;<\/p>\n","protected":false},"author":2,"featured_media":0,"parent":0,"menu_order":0,"comment_status":"closed","ping_status":"closed","template":"","meta":{"footnotes":""},"class_list":["post-2786","page","type-page","status-publish","hentry"],"yoast_head":"<!-- This site is optimized with the Yoast SEO plugin v26.4 - https:\/\/yoast.com\/wordpress\/plugins\/seo\/ -->\n<title>Barrierefreiheit - Apotheke am UKB, Berlin<\/title>\n<meta name=\"robots\" content=\"index, follow, max-snippet:-1, max-image-preview:large, max-video-preview:-1\" \/>\n<link rel=\"canonical\" href=\"https:\/\/apotheke-am-ukb.de\/index.php\/barrierefreiheit\/\" \/>\n<meta property=\"og:locale\" content=\"de_DE\" \/>\n<meta property=\"og:type\" content=\"article\" \/>\n<meta property=\"og:title\" content=\"Barrierefreiheit - Apotheke am UKB, Berlin\" \/>\n<meta property=\"og:description\" content=\"Apotheke am UKB || Warener Str. 1 || 12683 Berlin-Marzahn || fon 030 \u00b7 55 15 98 70 || E-Mail: info@apotheke-am-ukb.de || Ihre Apotheke am ukb: Freundlich, pers\u00f6nlich, verl\u00e4sslich &#8211; f\u00fcr Ihr Wohlbefinden Zur\u00fcck zur Startseite Erkl\u00e4rung zur Barrierefreiheit f\u00fcr die Apotheke am ukb Voraussetzungen Diese Erkl\u00e4rung zur Barrierefreiheit gilt f\u00fcr die unter https:\/\/apotheke-am-ukb.de\/ ver\u00f6ffentlichte&hellip;\" \/>\n<meta property=\"og:url\" content=\"https:\/\/apotheke-am-ukb.de\/index.php\/barrierefreiheit\/\" \/>\n<meta property=\"og:site_name\" content=\"Apotheke am UKB, Berlin\" \/>\n<meta property=\"article:modified_time\" content=\"2025-11-05T11:30:38+00:00\" \/>\n<meta name=\"twitter:card\" content=\"summary_large_image\" \/>\n<meta name=\"twitter:label1\" content=\"Gesch\u00e4tzte Lesezeit\" \/>\n\t<meta name=\"twitter:data1\" content=\"3\u00a0Minuten\" \/>\n<script type=\"application\/ld+json\" class=\"yoast-schema-graph\">{\"@context\":\"https:\/\/schema.org\",\"@graph\":[{\"@type\":\"WebPage\",\"@id\":\"https:\/\/apotheke-am-ukb.de\/index.php\/barrierefreiheit\/\",\"url\":\"https:\/\/apotheke-am-ukb.de\/index.php\/barrierefreiheit\/\",\"name\":\"Barrierefreiheit - Apotheke am UKB, Berlin\",\"isPartOf\":{\"@id\":\"https:\/\/apotheke-am-ukb.de\/#website\"},\"datePublished\":\"2025-11-05T11:24:50+00:00\",\"dateModified\":\"2025-11-05T11:30:38+00:00\",\"breadcrumb\":{\"@id\":\"https:\/\/apotheke-am-ukb.de\/index.php\/barrierefreiheit\/#breadcrumb\"},\"inLanguage\":\"de\",\"potentialAction\":[{\"@type\":\"ReadAction\",\"target\":[\"https:\/\/apotheke-am-ukb.de\/index.php\/barrierefreiheit\/\"]}]},{\"@type\":\"BreadcrumbList\",\"@id\":\"https:\/\/apotheke-am-ukb.de\/index.php\/barrierefreiheit\/#breadcrumb\",\"itemListElement\":[{\"@type\":\"ListItem\",\"position\":1,\"name\":\"Startseite\",\"item\":\"https:\/\/apotheke-am-ukb.de\/\"},{\"@type\":\"ListItem\",\"position\":2,\"name\":\"Barrierefreiheit\"}]},{\"@type\":\"WebSite\",\"@id\":\"https:\/\/apotheke-am-ukb.de\/#website\",\"url\":\"https:\/\/apotheke-am-ukb.de\/\",\"name\":\"Apotheke am UKB, Berlin\",\"description\":\"\",\"potentialAction\":[{\"@type\":\"SearchAction\",\"target\":{\"@type\":\"EntryPoint\",\"urlTemplate\":\"https:\/\/apotheke-am-ukb.de\/?s={search_term_string}\"},\"query-input\":{\"@type\":\"PropertyValueSpecification\",\"valueRequired\":true,\"valueName\":\"search_term_string\"}}],\"inLanguage\":\"de\"}]}<\/script>\n<!-- \/ Yoast SEO plugin. -->","yoast_head_json":{"title":"Barrierefreiheit - Apotheke am UKB, Berlin","robots":{"index":"index","follow":"follow","max-snippet":"max-snippet:-1","max-image-preview":"max-image-preview:large","max-video-preview":"max-video-preview:-1"},"canonical":"https:\/\/apotheke-am-ukb.de\/index.php\/barrierefreiheit\/","og_locale":"de_DE","og_type":"article","og_title":"Barrierefreiheit - Apotheke am UKB, Berlin","og_description":"Apotheke am UKB || Warener Str. 1 || 12683 Berlin-Marzahn || fon 030 \u00b7 55 15 98 70 || E-Mail: info@apotheke-am-ukb.de || Ihre Apotheke am ukb: Freundlich, pers\u00f6nlich, verl\u00e4sslich &#8211; f\u00fcr Ihr Wohlbefinden Zur\u00fcck zur Startseite Erkl\u00e4rung zur Barrierefreiheit f\u00fcr die Apotheke am ukb Voraussetzungen Diese Erkl\u00e4rung zur Barrierefreiheit gilt f\u00fcr die unter https:\/\/apotheke-am-ukb.de\/ ver\u00f6ffentlichte&hellip;","og_url":"https:\/\/apotheke-am-ukb.de\/index.php\/barrierefreiheit\/","og_site_name":"Apotheke am UKB, Berlin","article_modified_time":"2025-11-05T11:30:38+00:00","twitter_card":"summary_large_image","twitter_misc":{"Gesch\u00e4tzte Lesezeit":"3\u00a0Minuten"},"schema":{"@context":"https:\/\/schema.org","@graph":[{"@type":"WebPage","@id":"https:\/\/apotheke-am-ukb.de\/index.php\/barrierefreiheit\/","url":"https:\/\/apotheke-am-ukb.de\/index.php\/barrierefreiheit\/","name":"Barrierefreiheit - Apotheke am UKB, Berlin","isPartOf":{"@id":"https:\/\/apotheke-am-ukb.de\/#website"},"datePublished":"2025-11-05T11:24:50+00:00","dateModified":"2025-11-05T11:30:38+00:00","breadcrumb":{"@id":"https:\/\/apotheke-am-ukb.de\/index.php\/barrierefreiheit\/#breadcrumb"},"inLanguage":"de","potentialAction":[{"@type":"ReadAction","target":["https:\/\/apotheke-am-ukb.de\/index.php\/barrierefreiheit\/"]}]},{"@type":"BreadcrumbList","@id":"https:\/\/apotheke-am-ukb.de\/index.php\/barrierefreiheit\/#breadcrumb","itemListElement":[{"@type":"ListItem","position":1,"name":"Startseite","item":"https:\/\/apotheke-am-ukb.de\/"},{"@type":"ListItem","position":2,"name":"Barrierefreiheit"}]},{"@type":"WebSite","@id":"https:\/\/apotheke-am-ukb.de\/#website","url":"https:\/\/apotheke-am-ukb.de\/","name":"Apotheke am UKB, Berlin","description":"","potentialAction":[{"@type":"SearchAction","target":{"@type":"EntryPoint","urlTemplate":"https:\/\/apotheke-am-ukb.de\/?s={search_term_string}"},"query-input":{"@type":"PropertyValueSpecification","valueRequired":true,"valueName":"search_term_string"}}],"inLanguage":"de"}]}},"_links":{"self":[{"href":"https:\/\/apotheke-am-ukb.de\/index.php\/wp-json\/wp\/v2\/pages\/2786","targetHints":{"allow":["GET"]}}],"collection":[{"href":"https:\/\/apotheke-am-ukb.de\/index.php\/wp-json\/wp\/v2\/pages"}],"about":[{"href":"https:\/\/apotheke-am-ukb.de\/index.php\/wp-json\/wp\/v2\/types\/page"}],"author":[{"embeddable":true,"href":"https:\/\/apotheke-am-ukb.de\/index.php\/wp-json\/wp\/v2\/users\/2"}],"replies":[{"embeddable":true,"href":"https:\/\/apotheke-am-ukb.de\/index.php\/wp-json\/wp\/v2\/comments?post=2786"}],"version-history":[{"count":4,"href":"https:\/\/apotheke-am-ukb.de\/index.php\/wp-json\/wp\/v2\/pages\/2786\/revisions"}],"predecessor-version":[{"id":2804,"href":"https:\/\/apotheke-am-ukb.de\/index.php\/wp-json\/wp\/v2\/pages\/2786\/revisions\/2804"}],"wp:attachment":[{"href":"https:\/\/apotheke-am-ukb.de\/index.php\/wp-json\/wp\/v2\/media?parent=2786"}],"curies":[{"name":"wp","href":"https:\/\/api.w.org\/{rel}","templated":true}]}}